{"id":971,"date":"2025-10-14T13:13:12","date_gmt":"2025-10-14T13:13:12","guid":{"rendered":"https:\/\/accordiumcapital.com\/?page_id=971"},"modified":"2026-01-22T08:20:28","modified_gmt":"2026-01-22T08:20:28","slug":"politica-de-privacidad","status":"publish","type":"page","link":"https:\/\/accordiumcapital.com\/en_en\/politica-de-privacidad\/","title":{"rendered":"Privacy Policy"},"content":{"rendered":"<div class=\"wp-block-group has-global-padding is-layout-constrained wp-container-core-group-is-layout-bea02a06 wp-block-group-is-layout-constrained\">\n<p class=\"has-small-font-size\"><strong>Responsable del tratamiento<\/strong><br>Accordium Capital<br>C\/ de Par\u00eds 205, 1\u00ba 1\u00aa, 08008 Barcelona<br>Correo electr\u00f3nico: <a href=\"mailto:info@accordiumcapital.com\">info@accordiumcapital.com<\/a><br>Tel\u00e9fono: (+34) 935 186 011<\/p>\n\n\n\n<p class=\"has-small-font-size\"><strong>Finalidad del tratamiento<\/strong><br>Los datos personales que proporciones en esta web se utilizar\u00e1n con las siguientes finalidades:<\/p>\n\n\n\n<ul class=\"wp-block-list has-small-font-size\">\n<li>Gestionar solicitudes de informaci\u00f3n o contacto.<\/li>\n\n\n\n<li>Enviar comunicaciones informativas y comerciales, incluyendo nuestra newsletter.<\/li>\n\n\n\n<li>Analizar el tr\u00e1fico y la navegaci\u00f3n en la web mediante cookies y herramientas de anal\u00edtica.<\/li>\n<\/ul>\n\n\n\n<p class=\"has-small-font-size\"><strong>Legitimaci\u00f3n<\/strong><br>La base legal para el tratamiento de los datos es el consentimiento expreso del usuario, otorgado al marcar las casillas correspondientes o al enviar sus datos a trav\u00e9s de los formularios habilitados en la web.<\/p>\n\n\n\n<p class=\"has-small-font-size\"><strong>Conservaci\u00f3n de los datos<\/strong><br>Los datos se conservar\u00e1n mientras se mantenga la relaci\u00f3n con el usuario o hasta que se solicite su supresi\u00f3n.<\/p>\n\n\n\n<p class=\"has-small-font-size\"><strong>Destinatarios<\/strong><br>Los datos podr\u00e1n ser tratados por proveedores externos necesarios para el funcionamiento de la web, como servicios de anal\u00edtica o gesti\u00f3n de newsletters, garantizando en todo momento el cumplimiento del Reglamento General de Protecci\u00f3n de Datos (RGPD).<\/p>\n\n\n\n<p class=\"has-small-font-size\"><strong>Derechos de los usuarios<\/strong><br>Cualquier persona tiene derecho a obtener confirmaci\u00f3n sobre si Accordium Capital trata datos personales que le conciernan.<br>Los interesados tienen derecho a acceder a sus datos personales, solicitar la rectificaci\u00f3n de los datos inexactos o, en su caso, solicitar su supresi\u00f3n cuando, entre otros motivos, los datos ya no sean necesarios para los fines que fueron recogidos.<br>En determinadas circunstancias, los interesados podr\u00e1n solicitar la limitaci\u00f3n del tratamiento de sus datos, en cuyo caso \u00fanicamente los conservaremos para el ejercicio o la defensa de reclamaciones.<br>Asimismo, podr\u00e1n oponerse al tratamiento de sus datos. Accordium Capital dejar\u00e1 de tratar los datos, salvo por motivos leg\u00edtimos imperiosos o el ejercicio o la defensa de posibles reclamaciones.<\/p>\n\n\n\n<p class=\"has-small-font-size\"><strong>Ejercicio de derechos<\/strong><br>Puedes ejercer tus derechos de acceso, rectificaci\u00f3n, supresi\u00f3n, limitaci\u00f3n, oposici\u00f3n y portabilidad enviando un correo electr\u00f3nico a <a href=\"mailto:info@accordiumcapital.com\">info@accordiumcapital.com<\/a>, indicando claramente el derecho que deseas ejercer.<br>Tambi\u00e9n tienes derecho a presentar una reclamaci\u00f3n ante la Agencia Espa\u00f1ola de Protecci\u00f3n de Datos (<a href=\"http:\/\/aepd.com\">www.aepd.es<\/a>).<\/p>\n\n\n\n<p class=\"has-small-font-size\"><strong>Cookie policy<\/strong><br>Esta web utiliza cookies propias y de terceros con la finalidad de analizar la navegaci\u00f3n de los usuarios y mejorar la experiencia de uso. Al acceder por primera vez, se muestra un banner con informaci\u00f3n b\u00e1sica sobre cookies y un enlace a esta pol\u00edtica, donde podr\u00e1s configurarlas o rechazar su uso en cualquier momento.<\/p>\n<\/div>","protected":false},"excerpt":{"rendered":"<p>Responsable del tratamientoAccordium CapitalC\/ de Par\u00eds 205, 1\u00ba 1\u00aa, 08008 BarcelonaCorreo electr\u00f3nico: info@accordiumcapital.comTel\u00e9fono: (+34) 935 186 011 Finalidad del tratamientoLos datos personales que proporciones en esta web se utilizar\u00e1n con las siguientes finalidades: Legitimaci\u00f3nLa base legal para el tratamiento de los datos es el consentimiento expreso del usuario, otorgado al marcar las casillas correspondientes o [&hellip;]<\/p>","protected":false},"author":1,"featured_media":0,"parent":0,"menu_order":0,"comment_status":"closed","ping_status":"closed","template":"","meta":{"_acf_changed":false,"footnotes":""},"class_list":["post-971","page","type-page","status-publish","hentry"],"acf":[],"yoast_head":"<!-- This site is optimized with the Yoast SEO plugin v26.1.1 - https:\/\/yoast.com\/wordpress\/plugins\/seo\/ -->\n<title>Pol\u00edtica de Privacidad - Accordium Capital<\/title>\n<meta name=\"robots\" content=\"noindex, nofollow\" \/>\n<meta property=\"og:locale\" content=\"en_US\" \/>\n<meta property=\"og:type\" content=\"article\" \/>\n<meta property=\"og:title\" content=\"Pol\u00edtica de Privacidad - Accordium Capital\" \/>\n<meta property=\"og:description\" content=\"Responsable del tratamientoAccordium CapitalC\/ de Par\u00eds 205, 1\u00ba 1\u00aa, 08008 BarcelonaCorreo electr\u00f3nico: info@accordiumcapital.comTel\u00e9fono: (+34) 935 186 011 Finalidad del tratamientoLos datos personales que proporciones en esta web se utilizar\u00e1n con las siguientes finalidades: Legitimaci\u00f3nLa base legal para el tratamiento de los datos es el consentimiento expreso del usuario, otorgado al marcar las casillas correspondientes o [&hellip;]\" \/>\n<meta property=\"og:url\" content=\"https:\/\/accordiumcapital.com\/en_en\/politica-de-privacidad\/\" \/>\n<meta property=\"og:site_name\" content=\"Accordium Capital\" \/>\n<meta property=\"article:modified_time\" content=\"2026-01-22T08:20:28+00:00\" \/>\n<meta name=\"twitter:card\" content=\"summary_large_image\" \/>\n<meta name=\"twitter:label1\" content=\"Est. reading time\" \/>\n\t<meta name=\"twitter:data1\" content=\"2 minutes\" \/>\n<!-- \/ Yoast SEO plugin. -->","yoast_head_json":{"title":"Pol\u00edtica de Privacidad - Accordium Capital","robots":{"index":"noindex","follow":"nofollow"},"og_locale":"en_US","og_type":"article","og_title":"Pol\u00edtica de Privacidad - Accordium Capital","og_description":"Responsable del tratamientoAccordium CapitalC\/ de Par\u00eds 205, 1\u00ba 1\u00aa, 08008 BarcelonaCorreo electr\u00f3nico: info@accordiumcapital.comTel\u00e9fono: (+34) 935 186 011 Finalidad del tratamientoLos datos personales que proporciones en esta web se utilizar\u00e1n con las siguientes finalidades: Legitimaci\u00f3nLa base legal para el tratamiento de los datos es el consentimiento expreso del usuario, otorgado al marcar las casillas correspondientes o [&hellip;]","og_url":"https:\/\/accordiumcapital.com\/en_en\/politica-de-privacidad\/","og_site_name":"Accordium Capital","article_modified_time":"2026-01-22T08:20:28+00:00","twitter_card":"summary_large_image","twitter_misc":{"Est. reading time":"2 minutes"},"schema":{"@context":"https:\/\/schema.org","@graph":[{"@type":"WebPage","@id":"https:\/\/accordiumcapital.com\/politica-de-privacidad\/","url":"https:\/\/accordiumcapital.com\/politica-de-privacidad\/","name":"Pol\u00edtica de Privacidad - Accordium Capital","isPartOf":{"@id":"https:\/\/accordiumcapital.com\/#website"},"datePublished":"2025-10-14T13:13:12+00:00","dateModified":"2026-01-22T08:20:28+00:00","breadcrumb":{"@id":"https:\/\/accordiumcapital.com\/politica-de-privacidad\/#breadcrumb"},"inLanguage":"en-US","potentialAction":[{"@type":"ReadAction","target":["https:\/\/accordiumcapital.com\/politica-de-privacidad\/"]}]},{"@type":"BreadcrumbList","@id":"https:\/\/accordiumcapital.com\/politica-de-privacidad\/#breadcrumb","itemListElement":[{"@type":"ListItem","position":1,"name":"Portada","item":"https:\/\/accordiumcapital.com\/"},{"@type":"ListItem","position":2,"name":"Pol\u00edtica de Privacidad"}]},{"@type":"WebSite","@id":"https:\/\/accordiumcapital.com\/#website","url":"https:\/\/accordiumcapital.com\/","name":"Accordium Capital","description":"Accordium Capital","publisher":{"@id":"https:\/\/accordiumcapital.com\/#organization"},"potentialAction":[{"@type":"SearchAction","target":{"@type":"EntryPoint","urlTemplate":"https:\/\/accordiumcapital.com\/?s={search_term_string}"},"query-input":{"@type":"PropertyValueSpecification","valueRequired":true,"valueName":"search_term_string"}}],"inLanguage":"en-US"},{"@type":"Organization","@id":"https:\/\/accordiumcapital.com\/#organization","name":"Accordium Capital","url":"https:\/\/accordiumcapital.com\/","logo":{"@type":"ImageObject","inLanguage":"en-US","@id":"https:\/\/accordiumcapital.com\/#\/schema\/logo\/image\/","url":"https:\/\/accordiumcapital.com\/wp-content\/uploads\/2025\/09\/Accordium-Colores-4-1.png","contentUrl":"https:\/\/accordiumcapital.com\/wp-content\/uploads\/2025\/09\/Accordium-Colores-4-1.png","width":208,"height":85,"caption":"Accordium Capital"},"image":{"@id":"https:\/\/accordiumcapital.com\/#\/schema\/logo\/image\/"}}]}},"_links":{"self":[{"href":"https:\/\/accordiumcapital.com\/en_en\/wp-json\/wp\/v2\/pages\/971","targetHints":{"allow":["GET"]}}],"collection":[{"href":"https:\/\/accordiumcapital.com\/en_en\/wp-json\/wp\/v2\/pages"}],"about":[{"href":"https:\/\/accordiumcapital.com\/en_en\/wp-json\/wp\/v2\/types\/page"}],"author":[{"embeddable":true,"href":"https:\/\/accordiumcapital.com\/en_en\/wp-json\/wp\/v2\/users\/1"}],"replies":[{"embeddable":true,"href":"https:\/\/accordiumcapital.com\/en_en\/wp-json\/wp\/v2\/comments?post=971"}],"version-history":[{"count":5,"href":"https:\/\/accordiumcapital.com\/en_en\/wp-json\/wp\/v2\/pages\/971\/revisions"}],"predecessor-version":[{"id":1544,"href":"https:\/\/accordiumcapital.com\/en_en\/wp-json\/wp\/v2\/pages\/971\/revisions\/1544"}],"wp:attachment":[{"href":"https:\/\/accordiumcapital.com\/en_en\/wp-json\/wp\/v2\/media?parent=971"}],"curies":[{"name":"wp","href":"https:\/\/api.w.org\/{rel}","templated":true}]}}